{"id":2192,"date":"2017-03-06T07:33:10","date_gmt":"2017-03-06T07:33:10","guid":{"rendered":"http:\/\/optima.la-studioweb.com\/?page_id=2192"},"modified":"2022-11-29T16:12:38","modified_gmt":"2022-11-29T16:12:38","slug":"portfolio-fullwidth-2","status":"publish","type":"page","link":"https:\/\/xpeditiontrucks.com\/sv\/pages\/portfolio-fullwidth-2\/","title":{"rendered":"Portfolio Wide"},"content":{"rendered":"<section class=\"wpb-content-wrapper\"><div data-vc-full-width=\"true\" data-vc-full-width-init=\"false\" data-vc-stretch-content=\"true\" class=\"vc_row wpb_row vc_row-fluid vc_row-no-padding la_fp_slide la_fp_child_section\"><div class=\"wpb_column vc_column_container vc_col-sm-12\"><div class=\"vc_column-inner\"><div class=\"wpb_wrapper\"><\/div><\/div><\/div><\/div><div class=\"vc_row-full-width vc_clearfix\"><\/div><div class=\"vc_row wpb_row vc_row-fluid la_fp_slide la_fp_child_section\"><div class=\"wpb_column vc_column_container vc_col-sm-12\"><div class=\"vc_column-inner\"><div class=\"wpb_wrapper\">\n\t<div class=\"wpb_text_column wpb_content_element\" >\n\t\t<div class=\"wpb_wrapper\">\n\t\t\t<p>Den h\u00e4r \u00e4r p\u00e5 svenska<\/p>\n\n\t\t<\/div>\n\t<\/div>\n<\/div><\/div><\/div><\/div>\n<\/section>","protected":false},"excerpt":{"rendered":"Den h\u00e4r \u00e4r p\u00e5 svenska","protected":false},"author":1,"featured_media":0,"parent":1475,"menu_order":0,"comment_status":"closed","ping_status":"closed","template":"","meta":{"footnotes":""},"class_list":["post-2192","page","type-page","status-publish","hentry"],"_links":{"self":[{"href":"https:\/\/xpeditiontrucks.com\/sv\/wp-json\/wp\/v2\/pages\/2192","targetHints":{"allow":["GET"]}}],"collection":[{"href":"https:\/\/xpeditiontrucks.com\/sv\/wp-json\/wp\/v2\/pages"}],"about":[{"href":"https:\/\/xpeditiontrucks.com\/sv\/wp-json\/wp\/v2\/types\/page"}],"author":[{"embeddable":true,"href":"https:\/\/xpeditiontrucks.com\/sv\/wp-json\/wp\/v2\/users\/1"}],"replies":[{"embeddable":true,"href":"https:\/\/xpeditiontrucks.com\/sv\/wp-json\/wp\/v2\/comments?post=2192"}],"version-history":[{"count":1,"href":"https:\/\/xpeditiontrucks.com\/sv\/wp-json\/wp\/v2\/pages\/2192\/revisions"}],"predecessor-version":[{"id":2906,"href":"https:\/\/xpeditiontrucks.com\/sv\/wp-json\/wp\/v2\/pages\/2192\/revisions\/2906"}],"up":[{"embeddable":true,"href":"https:\/\/xpeditiontrucks.com\/sv\/wp-json\/wp\/v2\/pages\/1475"}],"wp:attachment":[{"href":"https:\/\/xpeditiontrucks.com\/sv\/wp-json\/wp\/v2\/media?parent=2192"}],"curies":[{"name":"wp","href":"https:\/\/api.w.org\/{rel}","templated":true}]}}